{"id":2913,"date":"2024-03-13T10:01:47","date_gmt":"2024-03-13T10:01:47","guid":{"rendered":"http:\/\/downtown.com.vn\/?page_id=2913"},"modified":"2024-03-27T10:27:29","modified_gmt":"2024-03-27T10:27:29","slug":"blog","status":"publish","type":"page","link":"https:\/\/downtown.com.vn\/vi\/blog\/","title":{"rendered":"BLOG"},"content":{"rendered":"<div class=\"wp-block-query is-layout-flow wp-block-query-is-layout-flow\"><ul class=\"wp-block-post-template is-layout-flow wp-block-post-template-is-layout-flow\"><li class=\"wp-block-post post-3711 post type-post status-publish format-standard hentry category-hochieutinhyeu\">\n<h2 class=\"wp-block-post-title\">TH\u1ec2 L\u1ec6 CH\u01af\u01a0NG TR\u00ccNH TH\u1eba TH\u00c0NH VI\u00caN DOWNTOWN STEAKHOUSE<\/h2>\n\n\n\n<div class=\"wp-block-post-date\"><time datetime=\"2025-10-30T06:24:46+00:00\">Th\u00e1ng M\u01b0\u1eddi 30, 2025<\/time><\/div>\n<\/li><li class=\"wp-block-post post-3654 post type-post status-publish format-standard hentry category-hochieutinhyeu\">\n<h2 class=\"wp-block-post-title\">AFTER-WORK DEAL IN DISTRICT 1 | STEAK &amp; BEER NEAR NGUYEN THI MINH KHAI STREET<\/h2>\n\n\n\n<div class=\"wp-block-post-date\"><time datetime=\"2025-06-28T08:14:59+00:00\">Th\u00e1ng S\u00e1u 28, 2025<\/time><\/div>\n<\/li><li class=\"wp-block-post post-3628 post type-post status-publish format-standard has-post-thumbnail hentry category-blog category-promotion tag-dan-van-phong tag-hen-ho-kieu-au tag-mon-au tag-tederloin tag-than-noi-bo\">\n<h2 class=\"wp-block-post-title\">Th\u01b0\u1edfng th\u1ee9c Th\u0103n n\u1ed9i b\u00f2 \u1ee9ng d\u1ee5ng c\u00f4ng ngh\u1ec7 Nh\u1eadt B\u1ea3n, \u0111\u01b0\u1ee3c nu\u00f4i t\u1ea1i Vi\u1ec7t Nam v\u1edbi quy tr\u00ecnh 4-trong-1 kh\u00e9p k\u00edn t\u1eeb ch\u0103n nu\u00f4i \u0111\u1ebfn ph\u00e2n ph\u1ed1i.\u00a0<\/h2>\n\n<figure class=\"wp-block-post-featured-image\"><img loading=\"lazy\" decoding=\"async\" width=\"940\" height=\"788\" src=\"https:\/\/downtown.com.vn\/wp-content\/uploads\/2025\/06\/z6723697767366_2da1c03806ef216d609c32d9c11b7111.jpg\" class=\"attachment-post-thumbnail size-post-thumbnail wp-post-image\" alt=\"\" style=\"object-fit:cover;\" srcset=\"https:\/\/downtown.com.vn\/wp-content\/uploads\/2025\/06\/z6723697767366_2da1c03806ef216d609c32d9c11b7111.jpg 940w, https:\/\/downtown.com.vn\/wp-content\/uploads\/2025\/06\/z6723697767366_2da1c03806ef216d609c32d9c11b7111-300x251.jpg 300w, https:\/\/downtown.com.vn\/wp-content\/uploads\/2025\/06\/z6723697767366_2da1c03806ef216d609c32d9c11b7111-768x644.jpg 768w, https:\/\/downtown.com.vn\/wp-content\/uploads\/2025\/06\/z6723697767366_2da1c03806ef216d609c32d9c11b7111-200x168.jpg 200w, https:\/\/downtown.com.vn\/wp-content\/uploads\/2025\/06\/z6723697767366_2da1c03806ef216d609c32d9c11b7111-14x12.jpg 14w, https:\/\/downtown.com.vn\/wp-content\/uploads\/2025\/06\/z6723697767366_2da1c03806ef216d609c32d9c11b7111-600x503.jpg 600w\" sizes=\"(max-width: 940px) 100vw, 940px\" \/><\/figure>\n\n<div class=\"wp-block-post-date\"><time datetime=\"2025-06-20T03:48:26+00:00\">Th\u00e1ng S\u00e1u 20, 2025<\/time><\/div>\n<\/li><\/ul>\n\n<nav class=\"wp-block-query-pagination is-layout-flex wp-block-query-pagination-is-layout-flex\" aria-label=\"Ph\u00e2n trang\">\n\n\n<div class=\"wp-block-query-pagination-numbers\"><span aria-current=\"page\" class=\"page-numbers current\">1<\/span>\n<a class=\"page-numbers\" href=\"?query-1-page=2\">2<\/a>\n<a class=\"page-numbers\" href=\"?query-1-page=3\">3<\/a>\n<span class=\"page-numbers dots\">&hellip;<\/span>\n<a class=\"page-numbers\" href=\"?query-1-page=9\">9<\/a><\/div>\n\n<a href=\"\/vi\/wp-json\/wp\/v2\/pages\/2913?query-1-page=2\" class=\"wp-block-query-pagination-next\">Trang sau<\/a>\n<\/nav>\n\n<\/div>","protected":false},"excerpt":{"rendered":"","protected":false},"author":1,"featured_media":0,"parent":0,"menu_order":0,"comment_status":"closed","ping_status":"closed","template":"","meta":{"footnotes":""},"_links":{"self":[{"href":"https:\/\/downtown.com.vn\/vi\/wp-json\/wp\/v2\/pages\/2913"}],"collection":[{"href":"https:\/\/downtown.com.vn\/vi\/wp-json\/wp\/v2\/pages"}],"about":[{"href":"https:\/\/downtown.com.vn\/vi\/wp-json\/wp\/v2\/types\/page"}],"author":[{"embeddable":true,"href":"https:\/\/downtown.com.vn\/vi\/wp-json\/wp\/v2\/users\/1"}],"replies":[{"embeddable":true,"href":"https:\/\/downtown.com.vn\/vi\/wp-json\/wp\/v2\/comments?post=2913"}],"version-history":[{"count":10,"href":"https:\/\/downtown.com.vn\/vi\/wp-json\/wp\/v2\/pages\/2913\/revisions"}],"predecessor-version":[{"id":2979,"href":"https:\/\/downtown.com.vn\/vi\/wp-json\/wp\/v2\/pages\/2913\/revisions\/2979"}],"wp:attachment":[{"href":"https:\/\/downtown.com.vn\/vi\/wp-json\/wp\/v2\/media?parent=2913"}],"curies":[{"name":"wp","href":"https:\/\/api.w.org\/{rel}","templated":true}]}}