{"id":8,"date":"2017-06-01T08:35:44","date_gmt":"2017-06-01T08:35:44","guid":{"rendered":"http:\/\/demo.yosoftware.com\/wp\/berg-wp5\/?page_id=8"},"modified":"2023-11-11T08:27:52","modified_gmt":"2023-11-11T08:27:52","slug":"about","status":"publish","type":"page","link":"https:\/\/downtown.com.vn\/vi\/about\/","title":{"rendered":"Gi\u1edbi Thi\u1ec7u"},"content":{"rendered":"<div class=\"vc_row wpb_row vc_row-fluid vc_custom_1498211926649\"><div class=\"row-image-overlay\" style=\"background-color: \"><\/div><div class=\"wpb_column vc_column_container vc_col-sm-12\"><div class=\"vc_column-inner\"><div class=\"column-overlay\" style=\"background: \"><\/div><div class=\"wpb_wrapper\"><div class=\"vc_empty_space\"   style=\"height: 60px\" ><span class=\"vc_empty_space_inner\"><\/span><\/div>\n<div class=\"vc_row wpb_row vc_inner vc_row-fluid\"><div class=\"wpb_column vc_column_container vc_col-sm-6\"><div class=\"vc_column-inner\"><div class=\"column-overlay\" style=\"background: \"><\/div><div class=\"wpb_wrapper\">\n\t<div class=\"wpb_text_column wpb_content_element\" >\n\t\t<div class=\"wpb_wrapper\">\n\t\t\t<h1><span class=\"underlined\">C\u00c2U CHUY\u1ec6N<\/span><\/h1>\n\n\t\t<\/div>\n\t<\/div>\n<\/div><\/div><\/div><div class=\"wpb_column vc_column_container vc_col-sm-6\"><div class=\"vc_column-inner\"><div class=\"column-overlay\" style=\"background: \"><\/div><div class=\"wpb_wrapper\">\n\t<div class=\"wpb_text_column wpb_content_element\" >\n\t\t<div class=\"wpb_wrapper\">\n\t\t\t<p>Downtown Steakhouse \u0111\u01b0\u1ee3c th\u00e0nh l\u1eadp v\u1edbi mong mu\u1ed1n k\u1ebft n\u1ed1i con ng\u01b0\u1eddi th\u00f4ng qua \u1ea9m th\u1ef1c th\u1ebf gi\u1edbi. C\u00e1c m\u00f3n \u0103n \u0111\u01b0\u1ee3c ch\u1ebf bi\u1ebfn tinh t\u1ebf v\u00e0 s\u00e1ng t\u1ea1o l\u1ea5y c\u1ea3m h\u1ee9ng t\u1eeb tinh hoa \u1ea9m th\u1ef1c t\u1eeb c\u00e1c th\u00e0nh ph\u1ed1 l\u1edbn \u00c2u M\u1ef9 c\u00f9ng v\u1edbi kh\u00f4ng gian mang h\u01a1i h\u01b0\u1edbng hi\u1ec7n \u0111\u1ea1i, Downtown Steakhouse l\u00e0 l\u1ef1a ch\u1ecdn th\u00edch h\u1ee3p \u0111\u1ec3 cho nh\u1eefng bu\u1ed5i t\u1ed1i l\u00e3ng m\u1ea1n, h\u1ed9i h\u1ecdp c\u00f9ng b\u1ea1n b\u00e8 v\u00e0 gia \u0111\u00ecnh.<\/p>\n\n\t\t<\/div>\n\t<\/div>\n<\/div><\/div><\/div><\/div><div class=\"vc_row wpb_row vc_inner vc_row-fluid remove-gap\"><div class=\"wpb_column vc_column_container vc_col-sm-6\"><div class=\"vc_column-inner\"><div class=\"column-overlay\" style=\"background: \"><\/div><div class=\"wpb_wrapper\">\n\t<div  class=\"wpb_single_image wpb_content_element vc_align_left\">\n\t\t\n\t\t<figure class=\"wpb_wrapper vc_figure\">\n\t\t\t<div class=\"vc_single_image-wrapper   vc_box_border_grey\"><img loading=\"lazy\" decoding=\"async\" width=\"1280\" height=\"1280\" src=\"https:\/\/downtown.com.vn\/wp-content\/uploads\/2019\/11\/72437356_2541938439200290_5860833271708909568_o.jpg\" class=\"vc_single_image-img attachment-full\" alt=\"\" srcset=\"https:\/\/downtown.com.vn\/wp-content\/uploads\/2019\/11\/72437356_2541938439200290_5860833271708909568_o.jpg 1280w, https:\/\/downtown.com.vn\/wp-content\/uploads\/2019\/11\/72437356_2541938439200290_5860833271708909568_o-300x300.jpg 300w, https:\/\/downtown.com.vn\/wp-content\/uploads\/2019\/11\/72437356_2541938439200290_5860833271708909568_o-100x100.jpg 100w, https:\/\/downtown.com.vn\/wp-content\/uploads\/2019\/11\/72437356_2541938439200290_5860833271708909568_o-600x600.jpg 600w, https:\/\/downtown.com.vn\/wp-content\/uploads\/2019\/11\/72437356_2541938439200290_5860833271708909568_o-1024x1024.jpg 1024w, https:\/\/downtown.com.vn\/wp-content\/uploads\/2019\/11\/72437356_2541938439200290_5860833271708909568_o-150x150.jpg 150w, https:\/\/downtown.com.vn\/wp-content\/uploads\/2019\/11\/72437356_2541938439200290_5860833271708909568_o-768x768.jpg 768w, https:\/\/downtown.com.vn\/wp-content\/uploads\/2019\/11\/72437356_2541938439200290_5860833271708909568_o-200x200.jpg 200w, https:\/\/downtown.com.vn\/wp-content\/uploads\/2019\/11\/72437356_2541938439200290_5860833271708909568_o-400x400.jpg 400w\" sizes=\"(max-width: 1280px) 100vw, 1280px\" \/><\/div>\n\t\t<\/figure>\n\t<\/div>\n<\/div><\/div><\/div><div class=\"wpb_column vc_column_container vc_col-sm-6\"><div class=\"vc_column-inner\"><div class=\"column-overlay\" style=\"background: \"><\/div><div class=\"wpb_wrapper\">\n\t<div  class=\"wpb_single_image wpb_content_element vc_align_left\">\n\t\t\n\t\t<figure class=\"wpb_wrapper vc_figure\">\n\t\t\t<div class=\"vc_single_image-wrapper   vc_box_border_grey\"><img loading=\"lazy\" decoding=\"async\" width=\"1080\" height=\"1080\" src=\"https:\/\/downtown.com.vn\/wp-content\/uploads\/2023\/10\/z4779376561562_25b10eaf5e20a8c2eb363b02174f4b6d.jpg\" class=\"vc_single_image-img attachment-full\" alt=\"\" srcset=\"https:\/\/downtown.com.vn\/wp-content\/uploads\/2023\/10\/z4779376561562_25b10eaf5e20a8c2eb363b02174f4b6d.jpg 1080w, https:\/\/downtown.com.vn\/wp-content\/uploads\/2023\/10\/z4779376561562_25b10eaf5e20a8c2eb363b02174f4b6d-300x300.jpg 300w, https:\/\/downtown.com.vn\/wp-content\/uploads\/2023\/10\/z4779376561562_25b10eaf5e20a8c2eb363b02174f4b6d-1024x1024.jpg 1024w, https:\/\/downtown.com.vn\/wp-content\/uploads\/2023\/10\/z4779376561562_25b10eaf5e20a8c2eb363b02174f4b6d-150x150.jpg 150w, https:\/\/downtown.com.vn\/wp-content\/uploads\/2023\/10\/z4779376561562_25b10eaf5e20a8c2eb363b02174f4b6d-768x768.jpg 768w, https:\/\/downtown.com.vn\/wp-content\/uploads\/2023\/10\/z4779376561562_25b10eaf5e20a8c2eb363b02174f4b6d-200x200.jpg 200w, https:\/\/downtown.com.vn\/wp-content\/uploads\/2023\/10\/z4779376561562_25b10eaf5e20a8c2eb363b02174f4b6d-12x12.jpg 12w, https:\/\/downtown.com.vn\/wp-content\/uploads\/2023\/10\/z4779376561562_25b10eaf5e20a8c2eb363b02174f4b6d-400x400.jpg 400w, https:\/\/downtown.com.vn\/wp-content\/uploads\/2023\/10\/z4779376561562_25b10eaf5e20a8c2eb363b02174f4b6d-600x600.jpg 600w, https:\/\/downtown.com.vn\/wp-content\/uploads\/2023\/10\/z4779376561562_25b10eaf5e20a8c2eb363b02174f4b6d-100x100.jpg 100w\" sizes=\"(max-width: 1080px) 100vw, 1080px\" \/><\/div>\n\t\t<\/figure>\n\t<\/div>\n<\/div><\/div><\/div><\/div><\/div><\/div><\/div><\/div><div class=\"vc_row wpb_row vc_row-fluid vc_custom_1498209707370\"><div class=\"row-image-overlay\" style=\"background-color: \"><\/div><div class=\"wpb_column vc_column_container vc_col-sm-12\"><div class=\"vc_column-inner\"><div class=\"column-overlay\" style=\"background: \"><\/div><div class=\"wpb_wrapper\">\n\t<div class=\"wpb_text_column wpb_content_element\" >\n\t\t<div class=\"wpb_wrapper\">\n\t\t\t<h2 style=\"text-align: center;\"><span class=\"underlined\">TRI\u1ebeT L\u00dd \u1ea8M TH\u1ef0C<\/span><\/h2>\n<p style=\"text-align: center;\">T\u1ea1i Downtown Steakhouse, b\u1ea1n s\u1ebd \u0111\u01b0\u1ee3c th\u01b0\u1edfng th\u1ee9c v\u00f4 v\u00e0n th\u1ee9c \u0103n ngon v\u1edbi nh\u1eefng nguy\u00ean li\u1ec7u tuy\u1ec7t ph\u1ea9m nh\u01b0 th\u1ecbt b\u00f2 M\u1ef9 \u0111\u1ea1t ti\u00eau chu\u1ea9n USDA choice gi\u00e0u ch\u1ea5t dinh d\u01b0\u1ee1ng, ngu\u1ed3n ch\u1ea5t b\u00e9o th\u1ea5p,... m\u1ed9t \u0111\u0129a m\u00ec \u00dd chu\u1ea9n v\u1ecb b\u00e9o th\u01a1m cay n\u1ed3ng hay m\u1ed9t \u0111\u0129a salad v\u1edbi n\u01b0\u1edbc s\u1ed1t \u0111\u1eb7c bi\u1ec7t ch\u1ec9 c\u00f3 t\u1ea1i Downtown Steakhouse. T\u1ea5t c\u1ea3 s\u1ebd h\u00f2a quy\u1ec7n c\u00f9ng 1 ly vang \u0111\u1ecf s\u00f3ng s\u00e1nh hay 1 ly bia t\u01b0\u01a1i m\u00e1t l\u1ea1nh.<\/p>\n\n\t\t<\/div>\n\t<\/div>\n\n\t<div class=\"wpb_video_widget wpb_content_element vc_clearfix   vc_video-aspect-ratio-169 vc_video-el-width-100 vc_video-align-center\" >\n\t\t<div class=\"wpb_wrapper\">\n\t\t\t\n\t\t\t<div class=\"wpb_video_wrapper\"><iframe loading=\"lazy\" title=\"DOWNTOWN STEAKHOUSE - \u1ea8M TH\u1ef0C CH\u00c2U \u00c2U K\u00cdCH TH\u00cdCH M\u1eccI V\u1eca GI\u00c1C\" width=\"640\" height=\"360\" src=\"https:\/\/www.youtube.com\/embed\/IKGhYeO1cEk?feature=oembed\" frameborder=\"0\" allow=\"accelerometer; autoplay; encrypted-media; gyroscope; picture-in-picture\" allowfullscreen><\/iframe><\/div>\n\t\t<\/div>\n\t<\/div>\n<\/div><\/div><\/div><\/div><div data-vc-full-width=\"true\" data-vc-full-width-init=\"false\" class=\"vc_row wpb_row vc_row-fluid vc_custom_1498211908274\"><div class=\"row-image-overlay\" style=\"background-color: rgba(0,0,0,0.01)\"><\/div><div class=\"wpb_column vc_column_container vc_col-sm-12\"><div class=\"vc_column-inner\"><div class=\"column-overlay\" style=\"background: \"><\/div><div class=\"wpb_wrapper\"><div class=\"vc_row wpb_row vc_inner vc_row-fluid remove-gap vc_row-o-equal-height vc_row-flex\"><div class=\"wpb_column vc_column_container vc_col-sm-6\"><div class=\"vc_column-inner vc_custom_1574995391701\"><div class=\"column-overlay\" style=\"background: \"><\/div><div class=\"wpb_wrapper\"><\/div><\/div><\/div><div class=\"wpb_column vc_column_container vc_col-sm-6\"><div class=\"vc_column-inner vc_custom_1498209566720\"><div class=\"column-overlay\" style=\"background: \"><\/div><div class=\"wpb_wrapper\">\n\t<div class=\"wpb_text_column wpb_content_element\" >\n\t\t<div class=\"wpb_wrapper\">\n\t\t\t<h1><span class=\"underlined\">NGUY\u1ec4N HU\u1ec6<\/span><\/h1>\n<p>Downtown Steakhouse hi\u1ec7n c\u00f3 3 chi nh\u00e1nh<\/p>\n<p>T\u1ecda l\u1ea1c t\u1ea1i L\u1ea7u 3, Chung c\u01b0 42 Nguy\u1ec5n Hu\u1ec7, Qu\u1eadn 1, n\u01a1i m\u1ecdi ng\u01b0\u1eddi v\u00ed von l\u00e0 \u201cthe cafe apartment\u201d v\u1edbi nh\u1eefng \u00f4 vu\u00f4ng v\u1ee9c nh\u01b0 th\u1ecfi s\u00f4c\u00f4la ngay gi\u1eefa l\u00f2ng S\u00e0i G\u00f2n.<\/p>\n\n\t\t<\/div>\n\t<\/div>\n<\/div><\/div><\/div><\/div><\/div><\/div><\/div><\/div><div class=\"vc_row-full-width vc_clearfix\"><\/div><div data-vc-full-width=\"true\" data-vc-full-width-init=\"false\" class=\"vc_row wpb_row vc_row-fluid vc_custom_1498211908274\"><div class=\"row-image-overlay\" style=\"background-color: rgba(0,0,0,0.01)\"><\/div><div class=\"wpb_column vc_column_container vc_col-sm-12\"><div class=\"vc_column-inner\"><div class=\"column-overlay\" style=\"background: \"><\/div><div class=\"wpb_wrapper\"><div class=\"vc_row wpb_row vc_inner vc_row-fluid remove-gap vc_row-o-equal-height vc_row-flex\"><div class=\"wpb_column vc_column_container vc_col-sm-6\"><div class=\"vc_column-inner vc_custom_1498209566720\"><div class=\"column-overlay\" style=\"background: \"><\/div><div class=\"wpb_wrapper\">\n\t<div class=\"wpb_text_column wpb_content_element\" >\n\t\t<div class=\"wpb_wrapper\">\n\t\t\t<h1><span class=\"underlined\">HOA MAI<\/span><\/h1>\n<p>Ngo\u00e0i ra, chi nh\u00e1nh Hoa Mai \u0111\u01b0\u1ee3c m\u1edf ra d\u00e0nh cho #teamphunhuan v\u1edbi kh\u00f4ng gian v\u00e0 tr\u1ea3i nghi\u1ec7m m\u00f3n \u0103n \u0111\u1ed9c \u0111\u00e1o h\u01a1n, ngo\u00e0i m\u00f3n b\u00f2 theo phong c\u00e1ch n\u01b0\u1edbng l\u1eeda quen thu\u1ed9c c\u00f2n c\u00f3 nhi\u1ec1u m\u00f3n t\u1eeb h\u1ea3i s\u1ea3n t\u01b0\u01a1i ngon: v\u1eb9m xanh, s\u00f2 \u0111i\u1ec7p v\u00e0 c\u00e1 h\u1ed3i....<\/p>\n\n\t\t<\/div>\n\t<\/div>\n<\/div><\/div><\/div><div class=\"wpb_column vc_column_container vc_col-sm-6\"><div class=\"vc_column-inner vc_custom_1697172982788\"><div class=\"column-overlay\" style=\"background: \"><\/div><div class=\"wpb_wrapper\"><\/div><\/div><\/div><\/div><\/div><\/div><\/div><\/div><div class=\"vc_row-full-width vc_clearfix\"><\/div><div class=\"vc_row wpb_row vc_row-fluid vc_custom_1498209722935\"><div class=\"row-image-overlay\" style=\"background-color: \"><\/div><div class=\"wpb_column vc_column_container vc_col-sm-12\"><div class=\"vc_column-inner\"><div class=\"column-overlay\" style=\"background: \"><\/div><div class=\"wpb_wrapper\"><div class=\"vc_row wpb_row vc_inner vc_row-fluid remove-gap vc_row-o-equal-height vc_row-flex\"><div class=\"wpb_column vc_column_container vc_col-sm-6\"><div class=\"vc_column-inner vc_custom_1697172994886\"><div class=\"column-overlay\" style=\"background: \"><\/div><div class=\"wpb_wrapper\"><\/div><\/div><\/div><div class=\"wpb_column vc_column_container vc_col-sm-6\"><div class=\"vc_column-inner vc_custom_1498209566720\"><div class=\"column-overlay\" style=\"background: \"><\/div><div class=\"wpb_wrapper\">\n\t<div class=\"wpb_text_column wpb_content_element\" >\n\t\t<div class=\"wpb_wrapper\">\n\t\t\t<h1><span class=\"underlined\">BISTRO<br \/>\nNGUY\u1ec4N TRI PH\u01af\u01a0NG<\/span><\/h1>\n<p>C\u1eeda h\u00e0ng Bistro m\u1edbi m\u1edf t\u1ea1i Qu\u1eadn 10 \u0111em \u0111\u1ebfn kh\u00f4ng gian t\u01b0\u01a1i m\u1edbi v\u00e0 tr\u1ebb trung, d\u00e0nh cho c\u00e1c c\u1eb7p \u0111\u00f4i v\u00e0 gia \u0111\u00ecnh. Th\u1ef1c \u0111\u01a1n c\u00f3 th\u00eam nhi\u1ec1u m\u00f3n m\u1edbi nh\u01b0 pizza hay ph\u00f4 mai, thu h\u00fat th\u1ef1c kh\u00e1ch kh\u00e1m ph\u00e1<\/p>\n\n\t\t<\/div>\n\t<\/div>\n<\/div><\/div><\/div><\/div><\/div><\/div><\/div><\/div><div class=\"vc_row wpb_row vc_row-fluid\"><div class=\"row-image-overlay\" style=\"background-color: \"><\/div><div class=\"wpb_column vc_column_container vc_col-sm-12\"><div class=\"vc_column-inner\"><div class=\"column-overlay\" style=\"background: \"><\/div><div class=\"wpb_wrapper\">\n\t<div class=\"wpb_text_column wpb_content_element\" >\n\t\t<div class=\"wpb_wrapper\">\n\t\t\t<h1 style=\"text-align: center;\"><span class=\"underlined\">REVIEWS<br \/>\n<\/span><\/h1>\n<p style=\"text-align: center;\"><em>\u201cOrdered pork bbq with extra mushroom&#8230; very tender &amp; juicy&#8230; just little flaw was the meat also got the oily fattening part.\u201d &#8211; <span class=\"underlined\">Yulie Lie<\/span><\/em><\/p>\n<p style=\"text-align: center;\"><em>\u201cThe restaurant is gentle, elegant, delicious food.\u201d \u2013 <span class=\"underlined\">Tu Phan<\/span><\/em><\/p>\n<p style=\"text-align: center;\"><em>\u201cTasty steaks and friendly staff. Hard to find (it&#8217;s on the 3rd floor), but it definitely worth to visit.\u201d &#8211; <span class=\"underlined\">Hubert Pavelek<\/span><\/em><\/p>\n<p style=\"text-align: center;\"><em>\u201cCozy place. We had Top Blade 300gr steak with sweet corn, pepper sauce and garlic bread. It was very tasty! &#8211; <span class=\"underlined\">Andy<\/span><\/em><\/p>\n<p style=\"text-align: center;\"><em>\u201cReasonable price with good product\u201d &#8211; <span class=\"underlined\">Edward Guan<\/span><\/em><\/p>\n\n\t\t<\/div>\n\t<\/div>\n<\/div><\/div><\/div><\/div>","protected":false},"excerpt":{"rendered":"...","protected":false},"author":1,"featured_media":2714,"parent":0,"menu_order":0,"comment_status":"closed","ping_status":"closed","template":"","meta":{"footnotes":""},"_links":{"self":[{"href":"https:\/\/downtown.com.vn\/vi\/wp-json\/wp\/v2\/pages\/8"}],"collection":[{"href":"https:\/\/downtown.com.vn\/vi\/wp-json\/wp\/v2\/pages"}],"about":[{"href":"https:\/\/downtown.com.vn\/vi\/wp-json\/wp\/v2\/types\/page"}],"author":[{"embeddable":true,"href":"https:\/\/downtown.com.vn\/vi\/wp-json\/wp\/v2\/users\/1"}],"replies":[{"embeddable":true,"href":"https:\/\/downtown.com.vn\/vi\/wp-json\/wp\/v2\/comments?post=8"}],"version-history":[{"count":53,"href":"https:\/\/downtown.com.vn\/vi\/wp-json\/wp\/v2\/pages\/8\/revisions"}],"predecessor-version":[{"id":2587,"href":"https:\/\/downtown.com.vn\/vi\/wp-json\/wp\/v2\/pages\/8\/revisions\/2587"}],"wp:featuredmedia":[{"embeddable":true,"href":"https:\/\/downtown.com.vn\/vi\/wp-json\/wp\/v2\/media\/2714"}],"wp:attachment":[{"href":"https:\/\/downtown.com.vn\/vi\/wp-json\/wp\/v2\/media?parent=8"}],"curies":[{"name":"wp","href":"https:\/\/api.w.org\/{rel}","templated":true}]}}